{"id":1340,"date":"2020-02-02T20:46:57","date_gmt":"2020-02-02T19:46:57","guid":{"rendered":"http:\/\/displaced.kunst.tuwien.ac.at\/?page_id=1340"},"modified":"2021-07-28T16:51:54","modified_gmt":"2021-07-28T14:51:54","slug":"gestaltung-der-kueche-und-des-speisesaals","status":"publish","type":"page","link":"https:\/\/displaced.kunst.tuwien.ac.at\/?page_id=1340","title":{"rendered":"Gestaltung der K\u00fcche und des Speisesaals"},"content":{"rendered":"<div id=\"pl-1340\"  class=\"panel-layout\" ><div id=\"pg-1340-0\"  class=\"panel-grid panel-no-style\" ><div id=\"pgc-1340-0-0\"  class=\"panel-grid-cell\" ><div id=\"panel-1340-0-0-0\" class=\"so-panel widget widget_sow-image panel-first-child panel-last-child\" data-index=\"0\" ><div class=\"so-widget-sow-image so-widget-sow-image-default-4b231843ec72\">\n\n<div class=\"sow-image-container\">\n\t<img src=\"https:\/\/displaced.kunst.tuwien.ac.at\/wp-content\/uploads\/2020\/02\/AA_161222_03_Jakob-Listabarth.jpg\" width=\"1620\" height=\"1080\" srcset=\"https:\/\/displaced.kunst.tuwien.ac.at\/wp-content\/uploads\/2020\/02\/AA_161222_03_Jakob-Listabarth.jpg 1620w, https:\/\/displaced.kunst.tuwien.ac.at\/wp-content\/uploads\/2020\/02\/AA_161222_03_Jakob-Listabarth-300x200.jpg 300w, https:\/\/displaced.kunst.tuwien.ac.at\/wp-content\/uploads\/2020\/02\/AA_161222_03_Jakob-Listabarth-768x512.jpg 768w, https:\/\/displaced.kunst.tuwien.ac.at\/wp-content\/uploads\/2020\/02\/AA_161222_03_Jakob-Listabarth-1024x683.jpg 1024w, https:\/\/displaced.kunst.tuwien.ac.at\/wp-content\/uploads\/2020\/02\/AA_161222_03_Jakob-Listabarth-675x450.jpg 675w, https:\/\/displaced.kunst.tuwien.ac.at\/wp-content\/uploads\/2020\/02\/AA_161222_03_Jakob-Listabarth-272x182.jpg 272w\" sizes=\"(max-width: 1620px) 100vw, 1620px\" title=\"AA_161222_03_Jakob Listabarth\" alt=\"\" \t\tclass=\"so-widget-image\"\/>\n<\/div>\n\n<\/div><\/div><\/div><div id=\"pgc-1340-0-1\"  class=\"panel-grid-cell\" ><div id=\"panel-1340-0-1-0\" class=\"so-panel widget widget_sow-image panel-first-child panel-last-child\" data-index=\"1\" ><div class=\"so-widget-sow-image so-widget-sow-image-default-4b231843ec72\">\n\n<div class=\"sow-image-container\">\n\t<img src=\"https:\/\/displaced.kunst.tuwien.ac.at\/wp-content\/uploads\/2020\/02\/AA_161124_05_Jakob-Listabarth.jpg\" width=\"1620\" height=\"1080\" srcset=\"https:\/\/displaced.kunst.tuwien.ac.at\/wp-content\/uploads\/2020\/02\/AA_161124_05_Jakob-Listabarth.jpg 1620w, https:\/\/displaced.kunst.tuwien.ac.at\/wp-content\/uploads\/2020\/02\/AA_161124_05_Jakob-Listabarth-300x200.jpg 300w, https:\/\/displaced.kunst.tuwien.ac.at\/wp-content\/uploads\/2020\/02\/AA_161124_05_Jakob-Listabarth-768x512.jpg 768w, https:\/\/displaced.kunst.tuwien.ac.at\/wp-content\/uploads\/2020\/02\/AA_161124_05_Jakob-Listabarth-1024x683.jpg 1024w, https:\/\/displaced.kunst.tuwien.ac.at\/wp-content\/uploads\/2020\/02\/AA_161124_05_Jakob-Listabarth-675x450.jpg 675w, https:\/\/displaced.kunst.tuwien.ac.at\/wp-content\/uploads\/2020\/02\/AA_161124_05_Jakob-Listabarth-272x182.jpg 272w\" sizes=\"(max-width: 1620px) 100vw, 1620px\" title=\"AA_161124_05_Jakob Listabarth\" alt=\"\" \t\tclass=\"so-widget-image\"\/>\n<\/div>\n\n<\/div><\/div><\/div><\/div><div id=\"pg-1340-1\"  class=\"panel-grid panel-no-style\" ><div id=\"pgc-1340-1-0\"  class=\"panel-grid-cell\" ><div id=\"panel-1340-1-0-0\" class=\"so-panel widget widget_sow-editor panel-first-child panel-last-child\" data-index=\"2\" ><div class=\"so-widget-sow-editor so-widget-sow-editor-base\">\n<div class=\"siteorigin-widget-tinymce textwidget\">\n\t<p>Im Dialog zwischen Ashraf, dem K\u00fcchenchef, und einer Gruppe von Studierenden wurde eine Neugestaltung der K\u00fcche entwickelt und umgesetzt. Ashraf bereitete mit diversen Helfer_innen t\u00e4glich das Abendessen f\u00fcr die 80 Bewohner_innen des Hauses vor. Er w\u00fcnschte sich einige funktionelle und organisatorische Verbesserungen im K\u00fcchenbereich, der sich direkt im gro\u00dfen Speisesaal, vorne, rechts von der Eingangst\u00fcr befand.<\/p>\n<p><i>\u201eBereits in den ersten Wochen wurden in der K\u00fcche m\u00f6gliche Ver\u00e4nderungspotentiale festgestellt. Bis zum Beginn einer Konzeption daf\u00fcr und dem Bau dauerte es aber bis in den November. Nach Gespr\u00e4chen mit den K\u00fcchenteams und insbesondere Ashraf wird klar, dass die K\u00fcche, eigentlich nur ein von einem Tresen abgetrennter Bereich im Speiseraum, mehr Arbeitsfl\u00e4che ben\u00f6tigt. Auch eine st\u00e4rkere Abtrennung vom sonstigen Geschehen im Speiseraum und abschlie\u00dfbare Schubladen sind erw\u00fcnscht. So skizzierten wir eine Erweiterung des bestehenden Tresens durch einen Schrank mit ausklappbarer Arbeitsfl\u00e4che, die gleichzeitig den Eingang zum K\u00fcchenbereich verschlie\u00dft. Die im Raum verteilten Schr\u00e4nke sollen n\u00e4her an die K\u00fcche herangebracht und so gleichzeitig eine weitere Abgrenzung geschaffen werden. Wir w\u00e4hlen in Zusammenarbeit mit den K\u00fcchenteam einen aus vier verschiedenen Entw\u00fcrfen aus. Die Umsetzung gestaltet sich zun\u00e4chst schwierig: Trotz der Hilfe von Handwerkern aus anderen Unterk\u00fcnften ist insbesondere das Zurechtschneiden der zur Verf\u00fcgung stehenden FunderMax-Platten ohne Kreiss\u00e4ge eine Herausforderung. Ohne Vorbohren (\u201eWe never do this in Syria!\u201c) brechen Schrauben, mit Vorbohren brechen die Bohrer. Ein paar bereits vorbereitete Bauteile verschwinden aus der Werkstatt. Nach einer \u201eAufr\u00fcstung\u201c mit Bohrern aus geh\u00e4rtetem Stahl l\u00e4uft der Bau aber deutlich fl\u00fcssiger und kann Mitte Dezember fertig gestellt werden.\u201c (Gunnar Grandel, <\/i><i>Projektbericht, DISPLACED | Bildungsraum Stadt, Wintersemester 2016\/17<\/i><i>)<\/i><\/p>\n<p>Die stirnseitige Wand des Speisesaals, dem Eingang gegen\u00fcberliegend, wurde im Laufe des Semesters zu einem interaktiven Kommunikationsmedium gestaltet (vgl. Sebastian Auer, Wochenportrait).<\/p>\n<p>In einem Raster wurden Schn\u00fcre an der Wand entlang gespannt, an denen Zeichnungen der j\u00fcngeren Bewohner_innen aufgeh\u00e4ngt werden konnten und so im Laufe der Zeit eine kleine Galerie entstand (vgl. Jakob Listabarth, Wochenportrait). In die Mitte der Wand wurde eine riesige Karte der Umgebung gemalt, auf der die Erfahrungen der Stadtspazierg\u00e4nge festgehalten wurden.<\/p>\n<p><i>\u201eZur besseren Orientierung in der Stadt und im Stadtteil und im Rahmen der Versch\u00f6nerungsaktion im Essraum malten wir eine Stadtkarte von Wien an die Wand. Besonders viel Spa\u00df bereitete hier die Zusammenarbeit mit den Bewohner_innen und das Interesse an der Idee und Umsetzung. Immer wieder kamen w\u00e4hrend der Produktion einzelne Bewohner_innen und stellten Fragen, machten Vorschl\u00e4ge und boten Ihre Hilfe an. Die Karte half auch mir als Austauschsstudentin und Wienfremde die Stadt und interessante Punkte im Stadtteil und der gesamten Stadt kennenzulernen und zu verorten.\u201c (Eva Sittenauer, <\/i><i>Projektbericht, DISPLACED | Bildungsraum Stadt, Wintersemester 2016\/17<\/i><i>)<\/i><\/p>\n<p><\/p>\n<\/div>\n<\/div><\/div><\/div><\/div><div id=\"pg-1340-2\"  class=\"panel-grid panel-no-style\" ><div id=\"pgc-1340-2-0\"  class=\"panel-grid-cell\" ><div id=\"panel-1340-2-0-0\" class=\"widget_text so-panel widget widget_custom_html panel-first-child panel-last-child\" data-index=\"3\" ><div class=\"textwidget custom-html-widget\"><nav class=\"navigation post-navigation\" role=\"navigation\">\n\t\t<h2 class=\"screen-reader-text\">Continue Reading<\/h2>\n\t\t<div class=\"nav-links\">\n\t\t\t<div class=\"nav-previous\">\n\t\t\t\t<a href=\"http:\/\/displaced.kunst.tuwien.ac.at\/?page_id=1338\" rel=\"prev\"><span class=\"em-post-navigation\">Voriges Kapitel<\/span> Welcome-Dinner - das Kennenlernen<\/a>\n\t\t\t<\/div>\n\t\t\t<div class=\"nav-next\">\n\t\t\t\t<a href=\"http:\/\/displaced.kunst.tuwien.ac.at\/?page_id=1342\" rel=\"next\"><span class=\"em-post-navigation\">N\u00e4chstes Kapitel<\/span> Caf\u00e9 Doosti \u2013 Aktivierung der S\u00e4ulenhalle <\/a>\n\t\t\t<\/div>\n\t\t<\/div>\n\t<\/nav> \n<\/div><\/div><\/div><\/div><div id=\"pg-1340-3\"  class=\"panel-grid panel-no-style\" ><div id=\"pgc-1340-3-0\"  class=\"panel-grid-cell\" ><div id=\"panel-1340-3-0-0\" class=\"so-panel widget widget_sow-editor panel-first-child panel-last-child\" data-index=\"4\" ><div class=\"so-widget-sow-editor so-widget-sow-editor-base\">\n<div class=\"siteorigin-widget-tinymce textwidget\">\n\t<!-- default-view.php -->\n<div\n\tclass=\"ngg-galleryoverview default-view \"\n\tid=\"ngg-gallery-2927a79f24c417d9155cc4201451164d-1\">\n\n\t\t<!-- Thumbnails -->\n\t\t\t\t<div id=\"ngg-image-0\" class=\"ngg-gallery-thumbnail-box ngg-3-columns\" >\n\t\t\t\t        <div class=\"ngg-gallery-thumbnail\">\n            <a href=\"https:\/\/displaced.kunst.tuwien.ac.at\/wp-content\/gallery\/nordwestbahn02-1\/161027_01_Jakob-Listabarth.jpg\"\n               title=\"\"\n               data-src=\"https:\/\/displaced.kunst.tuwien.ac.at\/wp-content\/gallery\/nordwestbahn02-1\/161027_01_Jakob-Listabarth.jpg\"\n               data-thumbnail=\"https:\/\/displaced.kunst.tuwien.ac.at\/wp-content\/gallery\/nordwestbahn02-1\/thumbs\/thumbs_161027_01_Jakob-Listabarth.jpg\"\n               data-image-id=\"126\"\n               data-title=\"161027_01_Jakob-Listabarth\"\n               data-description=\"\"\n               data-image-slug=\"161027_01_jakob-listabarth\"\n               class=\"ngg-simplelightbox\" rel=\"2927a79f24c417d9155cc4201451164d\">\n                <img\n                    title=\"161027_01_Jakob-Listabarth\"\n                    alt=\"161027_01_Jakob-Listabarth\"\n                    src=\"https:\/\/displaced.kunst.tuwien.ac.at\/wp-content\/gallery\/nordwestbahn02-1\/thumbs\/thumbs_161027_01_Jakob-Listabarth.jpg\"\n                    width=\"240\"\n                    height=\"160\"\n                    style=\"max-width:100%;\"\n                \/>\n            <\/a>\n        <\/div>\n\t\t\t\t\t\t\t<\/div> \n\t\t\t\n\t\t\t\t<div id=\"ngg-image-1\" class=\"ngg-gallery-thumbnail-box ngg-3-columns\" >\n\t\t\t\t        <div class=\"ngg-gallery-thumbnail\">\n            <a href=\"https:\/\/displaced.kunst.tuwien.ac.at\/wp-content\/gallery\/nordwestbahn02-1\/161107_01_Monika-K%C3%B6nig.jpg\"\n               title=\"\"\n               data-src=\"https:\/\/displaced.kunst.tuwien.ac.at\/wp-content\/gallery\/nordwestbahn02-1\/161107_01_Monika-K%C3%B6nig.jpg\"\n               data-thumbnail=\"https:\/\/displaced.kunst.tuwien.ac.at\/wp-content\/gallery\/nordwestbahn02-1\/thumbs\/thumbs_161107_01_Monika-K%C3%B6nig.jpg\"\n               data-image-id=\"127\"\n               data-title=\"161107_01_Monika-K\u00f6nig\"\n               data-description=\"\"\n               data-image-slug=\"161107_01_monika-k%c3%b6nig\"\n               class=\"ngg-simplelightbox\" rel=\"2927a79f24c417d9155cc4201451164d\">\n                <img\n                    title=\"161107_01_Monika-K\u00f6nig\"\n                    alt=\"161107_01_Monika-K\u00f6nig\"\n                    src=\"https:\/\/displaced.kunst.tuwien.ac.at\/wp-content\/gallery\/nordwestbahn02-1\/thumbs\/thumbs_161107_01_Monika-K%C3%B6nig.jpg\"\n                    width=\"240\"\n                    height=\"160\"\n                    style=\"max-width:100%;\"\n                \/>\n            <\/a>\n        <\/div>\n\t\t\t\t\t\t\t<\/div> \n\t\t\t\n\t\t\t\t<div id=\"ngg-image-2\" class=\"ngg-gallery-thumbnail-box ngg-3-columns\" >\n\t\t\t\t        <div class=\"ngg-gallery-thumbnail\">\n            <a href=\"https:\/\/displaced.kunst.tuwien.ac.at\/wp-content\/gallery\/nordwestbahn02-1\/161222_01_Jakob-Listabarth.jpg\"\n               title=\"\"\n               data-src=\"https:\/\/displaced.kunst.tuwien.ac.at\/wp-content\/gallery\/nordwestbahn02-1\/161222_01_Jakob-Listabarth.jpg\"\n               data-thumbnail=\"https:\/\/displaced.kunst.tuwien.ac.at\/wp-content\/gallery\/nordwestbahn02-1\/thumbs\/thumbs_161222_01_Jakob-Listabarth.jpg\"\n               data-image-id=\"128\"\n               data-title=\"161222_01_Jakob-Listabarth\"\n               data-description=\"\"\n               data-image-slug=\"161222_01_jakob-listabarth\"\n               class=\"ngg-simplelightbox\" rel=\"2927a79f24c417d9155cc4201451164d\">\n                <img\n                    title=\"161222_01_Jakob-Listabarth\"\n                    alt=\"161222_01_Jakob-Listabarth\"\n                    src=\"https:\/\/displaced.kunst.tuwien.ac.at\/wp-content\/gallery\/nordwestbahn02-1\/thumbs\/thumbs_161222_01_Jakob-Listabarth.jpg\"\n                    width=\"240\"\n                    height=\"160\"\n                    style=\"max-width:100%;\"\n                \/>\n            <\/a>\n        <\/div>\n\t\t\t\t\t\t\t<\/div> \n\t\t\t\n\t\n\t<br style=\"clear: both\" \/>\n\n\t\n\t\t<!-- Pagination -->\n\t<div class='ngg-clear'><\/div>\t<\/div>\n\n<\/div>\n<\/div><\/div><\/div><\/div><\/div>","protected":false},"excerpt":{"rendered":"<p>Im Dialog zwischen Ashraf, dem K\u00fcchenchef, und einer Gruppe von Studierenden wurde eine Neugestaltung der<\/p>\n","protected":false},"author":1,"featured_media":0,"parent":656,"menu_order":2,"comment_status":"closed","ping_status":"closed","template":"","meta":{"ngg_post_thumbnail":0},"_links":{"self":[{"href":"https:\/\/displaced.kunst.tuwien.ac.at\/index.php?rest_route=\/wp\/v2\/pages\/1340"}],"collection":[{"href":"https:\/\/displaced.kunst.tuwien.ac.at\/index.php?rest_route=\/wp\/v2\/pages"}],"about":[{"href":"https:\/\/displaced.kunst.tuwien.ac.at\/index.php?rest_route=\/wp\/v2\/types\/page"}],"author":[{"embeddable":true,"href":"https:\/\/displaced.kunst.tuwien.ac.at\/index.php?rest_route=\/wp\/v2\/users\/1"}],"replies":[{"embeddable":true,"href":"https:\/\/displaced.kunst.tuwien.ac.at\/index.php?rest_route=%2Fwp%2Fv2%2Fcomments&post=1340"}],"version-history":[{"count":14,"href":"https:\/\/displaced.kunst.tuwien.ac.at\/index.php?rest_route=\/wp\/v2\/pages\/1340\/revisions"}],"predecessor-version":[{"id":1512,"href":"https:\/\/displaced.kunst.tuwien.ac.at\/index.php?rest_route=\/wp\/v2\/pages\/1340\/revisions\/1512"}],"up":[{"embeddable":true,"href":"https:\/\/displaced.kunst.tuwien.ac.at\/index.php?rest_route=\/wp\/v2\/pages\/656"}],"wp:attachment":[{"href":"https:\/\/displaced.kunst.tuwien.ac.at\/index.php?rest_route=%2Fwp%2Fv2%2Fmedia&parent=1340"}],"curies":[{"name":"wp","href":"https:\/\/api.w.org\/{rel}","templated":true}]}}