{"id":1344,"date":"2020-02-02T20:49:28","date_gmt":"2020-02-02T19:49:28","guid":{"rendered":"http:\/\/displaced.kunst.tuwien.ac.at\/?page_id=1344"},"modified":"2021-07-28T16:52:51","modified_gmt":"2021-07-28T14:52:51","slug":"resuemee","status":"publish","type":"page","link":"https:\/\/displaced.kunst.tuwien.ac.at\/?page_id=1344","title":{"rendered":"Res\u00fcmee"},"content":{"rendered":"<div id=\"pl-1344\"  class=\"panel-layout\" ><div id=\"pg-1344-0\"  class=\"panel-grid panel-no-style\" ><div id=\"pgc-1344-0-0\"  class=\"panel-grid-cell\" ><div id=\"panel-1344-0-0-0\" class=\"so-panel widget widget_sow-editor panel-first-child panel-last-child\" data-index=\"0\" ><div class=\"so-widget-sow-editor so-widget-sow-editor-base\">\n<div class=\"siteorigin-widget-tinymce textwidget\">\n\t<p>Selbst wenn das gemeinsam Geschaffene nur wenige Monate bestehen blieb, bevor auch diese Notunterkunft wieder geschlossen wurde, so hat das Projekt doch vieles bewirken k\u00f6nnen: \u00dcber das gemeinsame Arbeiten und Gestalten sind nicht nur neue R\u00e4ume, sondern auch neue Freundschaften und neue Wertigkeiten entstanden. Die Studierenden konnten die Erfahrung machen, dass auch mit ganz wenig sehr viel erreicht werden kann, dass sich der pers\u00f6nliche Einsatz lohnt und dass ihre architektonische und raumplanerische Expertise unmittelbaren gesellschaftlichen Mehrwert generieren kann \u2013 im Hier und Jetzt, deutlich sichtbar und sp\u00fcrbar. In den abschlie\u00dfenden Reflexionsgespr\u00e4chen, die die Lehrenden mit den Studierenden gef\u00fchrt haben, wurde sehr deutlich, wie wichtig die Etablierung solch praxisbezogener T\u00e4tigkeitsfelder innerhalb der universit\u00e4ren Ausbildung ist.<\/p>\n<p>Der gesamte Prozessverlauf wurde von den Studierenden schriftlich und visuell dokumentiert. Die \u201eWochenportraits\u201c zeichneten Momentaufnahmen der jeweils aktuellen Ereignisse und wurden abwechselnd als Einzel- oder Zweierarbeit erstellt, w\u00e4hrend mit den abschlie\u00dfenden \u201eProjektberichten\u201c das Gesamtgeschehen veranschaulicht, reflektiert und analysiert werden sollte.<\/p>\n<p><i>\u201eEgal wie die Entscheidung ausf\u00e4llt, ich glaube r\u00fcckblickend war es entscheidend, das Anstehende mit einer gewissen Offenheit anzugehen: die Anspr\u00fcche waren immer unterschiedlich und oft auch kontr\u00e4r. Die Freude aber \u00fcber den noch so kleinen gemeinsam erlebten Moment, ein Erinnerungsfoto oder das gemeinsam vollbrachte M\u00f6belst\u00fcck, am Ende sehr oft sehr gro\u00df.\u201c (Jakob Listabarth, Wochenportrait<\/i><i>, DISPLACED | Bildungsraum Stadt, Wintersemester 2016\/17<\/i><i>)<\/i><\/p>\n<p><i>\u201eDas Leben soll nicht immer todernst sein, es braucht Zeiten des Lachens und der Freude. Ich glaube, wir Studenten haben es mit unserem Einsatz geschafft, Freunden auf ihrem Weg, wohin er auch immer gehen mag, ein bisschen Freude und Hoffnung zu schenken.\u201c (Samuel Moser, Projektbericht<\/i><i>, DISPLACED | Bildungsraum Stadt, Wintersemester 2016\/17<\/i><i>)<\/i><\/p>\n<\/div>\n<\/div><\/div><\/div><\/div><div id=\"pg-1344-1\"  class=\"panel-grid panel-no-style\" ><div id=\"pgc-1344-1-0\"  class=\"panel-grid-cell\" ><div id=\"panel-1344-1-0-0\" class=\"widget_text so-panel widget widget_custom_html panel-first-child panel-last-child\" data-index=\"1\" ><div class=\"textwidget custom-html-widget\"><nav class=\"navigation post-navigation\" role=\"navigation\">\n\t\t<h2 class=\"screen-reader-text\">Continue Reading<\/h2>\n\t\t<div class=\"nav-links\">\n\t\t\t<div class=\"nav-previous\">\n\t\t\t\t<a href=\"http:\/\/displaced.kunst.tuwien.ac.at\/?page_id=1458\" rel=\"prev\"><span class=\"em-post-navigation\">Voriges Kapitel<\/span> Weitere Projekte <\/a>\n\t\t\t<\/div>\n\t\t<\/div>\n\t<\/nav> <\/div><\/div><\/div><\/div><\/div>","protected":false},"excerpt":{"rendered":"<p>Selbst wenn das gemeinsam Geschaffene nur wenige Monate bestehen blieb, bevor auch diese Notunterkunft wieder<\/p>\n","protected":false},"author":1,"featured_media":1492,"parent":656,"menu_order":5,"comment_status":"closed","ping_status":"closed","template":"","meta":{"ngg_post_thumbnail":0},"_links":{"self":[{"href":"https:\/\/displaced.kunst.tuwien.ac.at\/index.php?rest_route=\/wp\/v2\/pages\/1344"}],"collection":[{"href":"https:\/\/displaced.kunst.tuwien.ac.at\/index.php?rest_route=\/wp\/v2\/pages"}],"about":[{"href":"https:\/\/displaced.kunst.tuwien.ac.at\/index.php?rest_route=\/wp\/v2\/types\/page"}],"author":[{"embeddable":true,"href":"https:\/\/displaced.kunst.tuwien.ac.at\/index.php?rest_route=\/wp\/v2\/users\/1"}],"replies":[{"embeddable":true,"href":"https:\/\/displaced.kunst.tuwien.ac.at\/index.php?rest_route=%2Fwp%2Fv2%2Fcomments&post=1344"}],"version-history":[{"count":4,"href":"https:\/\/displaced.kunst.tuwien.ac.at\/index.php?rest_route=\/wp\/v2\/pages\/1344\/revisions"}],"predecessor-version":[{"id":1521,"href":"https:\/\/displaced.kunst.tuwien.ac.at\/index.php?rest_route=\/wp\/v2\/pages\/1344\/revisions\/1521"}],"up":[{"embeddable":true,"href":"https:\/\/displaced.kunst.tuwien.ac.at\/index.php?rest_route=\/wp\/v2\/pages\/656"}],"wp:featuredmedia":[{"embeddable":true,"href":"https:\/\/displaced.kunst.tuwien.ac.at\/index.php?rest_route=\/wp\/v2\/media\/1492"}],"wp:attachment":[{"href":"https:\/\/displaced.kunst.tuwien.ac.at\/index.php?rest_route=%2Fwp%2Fv2%2Fmedia&parent=1344"}],"curies":[{"name":"wp","href":"https:\/\/api.w.org\/{rel}","templated":true}]}}