{"id":18,"date":"2017-10-03T20:52:35","date_gmt":"2017-10-03T18:52:35","guid":{"rendered":"http:\/\/displaced.kunst.tuwien.ac.at\/?page_id=18"},"modified":"2021-07-31T15:43:52","modified_gmt":"2021-07-31T13:43:52","slug":"18-2","status":"publish","type":"page","link":"https:\/\/displaced.kunst.tuwien.ac.at\/","title":{"rendered":"\u00dcber DISPLACED"},"content":{"rendered":"\n<div class=\"wp-block-group\"><div class=\"wp-block-group__inner-container\">\n<div class=\"wp-block-columns\">\n<div class=\"wp-block-column\" style=\"flex-basis:100%\">\n<div class=\"wp-block-group\"><div class=\"wp-block-group__inner-container\">\n<h2>DISPLACED<\/h2>\n\n\n\n<div style=\"height:20px\" aria-hidden=\"true\" class=\"wp-block-spacer\"><\/div>\n\n\n\n<div class=\"wp-block-group\"><div class=\"wp-block-group__inner-container\">\n<p>ist ein kunstbasiertes sozialr\u00e4umliches Lehr- und Forschungsprojekt, im&nbsp;Rahmen dessen informelle, konsumfreie und bedarfsorientierte Bildungsr\u00e4ume gestaltet&nbsp;werden. Initiiert und geleitet von Karin Harather und Renate Stuefer ist dies ein Outcome des&nbsp;\u201eParlaments der Fragen\u201c und der sich daraus konstituierenden Fakult\u00e4tsplattform \u201eArbeitsraum&nbsp;Bildung\u201c (Fr\u00fchjahr 2015).<\/p>\n\n\n\n<p>DISPLACED wird in wechselnden universit\u00e4ren und au\u00dferuniversit\u00e4ren Kooperationen&nbsp;kontinuierlich weitergef\u00fchrt und weiterentwickelt, wodurch die Innovation von Forschung und&nbsp;Lehre an der Technischen Universit\u00e4t Wien vor allem auch durch die strategische St\u00e4rkung sozial&nbsp;integrativer, informeller Bildungsr\u00e4ume vorangetrieben werden soll. Die Entwicklung daraus&nbsp;resultierender innovativer Bildungslandschaften wird angesichts der aktuellen und vorhersehbaren&nbsp;gesellschaftlichen Herausforderungen dringend ben\u00f6tigt. Daher gilt es, die gesellschaftspolitische&nbsp;Relevanz des universit\u00e4ren Curriculums zu st\u00e4rken und die vielf\u00e4ltigen transdisziplin\u00e4ren&nbsp;Schnittstellen zu innovativen Entwicklungen innerhalb und au\u00dferhalb der Universit\u00e4t&nbsp;herauszuarbeiten.<\/p>\n\n\n\n<div style=\"height:20px\" aria-hidden=\"true\" class=\"wp-block-spacer\"><\/div>\n\n\n\n<h4>Zentrale Forschungsfragen sind:<\/h4>\n\n\n\n<p>Wie aktivieren kunstbasierte sozialr\u00e4umliche Gestaltungsma\u00dfnahmen Handlungsspielr\u00e4ume und&nbsp;T\u00e4tigkeitsfelder f\u00fcr gegenw\u00e4rtige gesellschaftliche Herausforderungen?<br>Wodurch verstetigen sich kunstbasierte sozialr\u00e4umliche ad hoc Interventionen und durch welche&nbsp;Prozesse und Akteurs-Konstellationen entwickeln sie sich zu nachhaltigen stadtr\u00e4umlichen&nbsp;Ankerpunkten (f\u00fcr Schutzsuchende), die zugleich als informelle Bildungsr\u00e4ume wirksam werden?<\/p>\n\n\n\n<div style=\"height:30px\" aria-hidden=\"true\" class=\"wp-block-spacer\"><\/div>\n\n\n\n<h4>Eine stetig wachsende Sammlung von Real-Live-Projekten mit Modellcharakter:<\/h4>\n\n\n\n<div style=\"height:30px\" aria-hidden=\"true\" class=\"wp-block-spacer\"><\/div>\n\n\n\n<div class=\"wp-block-group\"><div class=\"wp-block-group__inner-container\">\n<h3 class=\"article-title article-title-2\"><a href=\"http:\/\/displaced.kunst.tuwien.ac.at\/?page_id=963\" data-type=\"page\" data-id=\"963\">1. Konzeptphase \u2013 Lehr- und Forschungsprojekt DISPLACED<\/a><\/h3>\n\n\n\n<h6 class=\"has-cyan-bluish-gray-color has-text-color\">ab 2015<\/h6>\n<\/div><\/div>\n\n\n\n<div style=\"height:20px\" aria-hidden=\"true\" class=\"wp-block-spacer\"><\/div>\n\n\n\n<div class=\"wp-block-group\"><div class=\"wp-block-group__inner-container\">\n<h3 class=\"article-title article-title-2\"><a href=\"http:\/\/displaced.kunst.tuwien.ac.at\/?page_id=966\" data-type=\"page\" data-id=\"966\">2. DISPLACED. Stadt, Raum und Flucht<\/a><\/h3>\n\n\n\n<h6 class=\"has-cyan-bluish-gray-color has-text-color\">Konzeption ab 05\/2015<\/h6>\n<\/div><\/div>\n\n\n\n<div style=\"height:20px\" aria-hidden=\"true\" class=\"wp-block-spacer\"><\/div>\n\n\n\n<div class=\"wp-block-group\"><div class=\"wp-block-group__inner-container\">\n<h3 class=\"article-title article-title-2\"><a href=\"http:\/\/displaced.kunst.tuwien.ac.at\/?page_id=969\" data-type=\"page\" data-id=\"969\">3. DISPLACED. Living-Lab Vordere Zollamtsstra\u00dfe 7<\/a><\/h3>\n\n\n\n<h6 class=\"has-cyan-bluish-gray-color has-text-color\">10\/2015 &#8211; 6\/2016<\/h6>\n<\/div><\/div>\n\n\n\n<div style=\"height:20px\" aria-hidden=\"true\" class=\"wp-block-spacer\"><\/div>\n\n\n\n<div class=\"wp-block-group\"><div class=\"wp-block-group__inner-container\">\n<h3 class=\"article-title article-title-2\"><a href=\"http:\/\/displaced.kunst.tuwien.ac.at\/?page_id=972\" data-type=\"page\" data-id=\"972\">4. DISPLACED. Bildungsraum Stadt<\/a><\/h3>\n\n\n\n<h6 class=\"has-cyan-bluish-gray-color has-text-color\">ab 08\/2016<\/h6>\n<\/div><\/div>\n\n\n\n<div style=\"height:20px\" aria-hidden=\"true\" class=\"wp-block-spacer\"><\/div>\n\n\n\n<div class=\"wp-block-group\"><div class=\"wp-block-group__inner-container\">\n<h3 class=\"article-title article-title-2\"><a href=\"http:\/\/displaced.kunst.tuwien.ac.at\/?page_id=975\" data-type=\"page\" data-id=\"975\">5. PLACE of IMPORTANCE \u2013 OPENmarx<\/a><\/h3>\n\n\n\n<h6 class=\"has-cyan-bluish-gray-color has-text-color\">ab 01\/2017<\/h6>\n<\/div><\/div>\n\n\n\n<div style=\"height:50px\" aria-hidden=\"true\" class=\"wp-block-spacer\"><\/div>\n\n\n\n<h4>Wir sind:<\/h4>\n\n\n\n<div style=\"height:30px\" aria-hidden=\"true\" class=\"wp-block-spacer\"><\/div>\n\n\n\n<div class=\"wp-block-columns\">\n<div class=\"wp-block-column\">\n<div class=\"wp-block-group\"><div class=\"wp-block-group__inner-container\">\n<h5 class=\"has-text-align-center\">KARIN HARATHER<\/h5>\n\n\n\n<p class=\"has-text-align-center\" style=\"font-size:12px\">ASS.PROF. MAG.ART. DR.PHIL<\/p>\n\n\n\n<p class=\"has-text-align-center has-small-font-size\">Initiatorin und Gesamtleitung<\/p>\n\n\n\n<p class=\"has-text-align-center has-small-font-size\">Kontakt:<br><a href=\"mailto:kh@kunst.tuwien.ac.at\">kh@kunst.tuwien.ac.at<\/a><\/p>\n<\/div><\/div>\n<\/div>\n\n\n\n<div class=\"wp-block-column\">\n<div class=\"wp-block-group\"><div class=\"wp-block-group__inner-container\">\n<h5 class=\"has-text-align-center\">RENATE STUEFER<\/h5>\n\n\n\n<p class=\"has-text-align-center\" style=\"font-size:12px\">SENIOR SCIENTIST DI DR.TECHN.<\/p>\n\n\n\n<p class=\"has-text-align-center has-small-font-size\">Initiatorin und Leitung bis 03\/2017<\/p>\n<\/div><\/div>\n<\/div>\n<\/div>\n<\/div><\/div>\n<\/div><\/div>\n<\/div>\n<\/div>\n<\/div><\/div>\n","protected":false},"excerpt":{"rendered":"","protected":false},"author":1,"featured_media":0,"parent":0,"menu_order":0,"comment_status":"closed","ping_status":"closed","template":"","meta":{"ngg_post_thumbnail":0},"_links":{"self":[{"href":"https:\/\/displaced.kunst.tuwien.ac.at\/index.php?rest_route=\/wp\/v2\/pages\/18"}],"collection":[{"href":"https:\/\/displaced.kunst.tuwien.ac.at\/index.php?rest_route=\/wp\/v2\/pages"}],"about":[{"href":"https:\/\/displaced.kunst.tuwien.ac.at\/index.php?rest_route=\/wp\/v2\/types\/page"}],"author":[{"embeddable":true,"href":"https:\/\/displaced.kunst.tuwien.ac.at\/index.php?rest_route=\/wp\/v2\/users\/1"}],"replies":[{"embeddable":true,"href":"https:\/\/displaced.kunst.tuwien.ac.at\/index.php?rest_route=%2Fwp%2Fv2%2Fcomments&post=18"}],"version-history":[{"count":126,"href":"https:\/\/displaced.kunst.tuwien.ac.at\/index.php?rest_route=\/wp\/v2\/pages\/18\/revisions"}],"predecessor-version":[{"id":2451,"href":"https:\/\/displaced.kunst.tuwien.ac.at\/index.php?rest_route=\/wp\/v2\/pages\/18\/revisions\/2451"}],"wp:attachment":[{"href":"https:\/\/displaced.kunst.tuwien.ac.at\/index.php?rest_route=%2Fwp%2Fv2%2Fmedia&parent=18"}],"curies":[{"name":"wp","href":"https:\/\/api.w.org\/{rel}","templated":true}]}}