{"id":2023,"date":"2021-07-23T16:53:25","date_gmt":"2021-07-23T14:53:25","guid":{"rendered":"http:\/\/displaced.kunst.tuwien.ac.at\/?page_id=2023"},"modified":"2021-08-02T15:54:23","modified_gmt":"2021-08-02T13:54:23","slug":"bibliothek","status":"publish","type":"page","link":"https:\/\/displaced.kunst.tuwien.ac.at\/?page_id=2023","title":{"rendered":"Bibliothek"},"content":{"rendered":"\n<p>Durch eine Verlegung des Kleiderlagers in neue R\u00e4umlichkeiten war es m\u00f6glich, zwei gro\u00dfe, helle R\u00e4ume im Erdgescho\u00df freizuspielen \u2013 diese wurden im Laufe des M\u00e4rz gemeinsam mit dem Roten Kreuz und unseren BewohnerInnen in eine Bibliothek mit Studierraum und Laptoparbeitspl\u00e4tzen umfunktioniert.<\/p>\n\n\n\n<p>Durch eine private M\u00f6belspende und den Bau von Aufbewahrungsmodulen in der Gemeinschaftswerkstatt konnten die R\u00e4ume strukturiert und eine gem\u00fctliche Atmosph\u00e4re geschaffen werden. Mit vielen privaten B\u00fccherspenden, konnte die Bibliothek gef\u00fcllt werden, es gibt einen eigenen Bereich f\u00fcr unsere kleinen BewohnerInnen, sowie ein Ordnungssystem nach Sprachen und Themen. Seit dem ersten \u00d6ffnungstag wird die Bibliothek nun flei\u00dfig genutzt, die Menschen im Haus freuen sich \u00fcber diese R\u00fcckzugsm\u00f6glichkeit, einen ruhigen Ort zum Lernen und Lesen.<\/p>\n\n\n\n<div style=\"height:50px\" aria-hidden=\"true\" class=\"wp-block-spacer\"><\/div>\n\n\n\n<nav class=\"navigation post-navigation\" role=\"navigation\">\n\t\t<h2 class=\"screen-reader-text\">Continue Reading<\/h2>\n\t\t<div class=\"nav-links\">\n\t\t\t<div class=\"nav-previous\">\n\t\t\t\t<a href=\"http:\/\/displaced.kunst.tuwien.ac.at\/?page_id=2020\" rel=\"prev\"><span class=\"em-post-navigation\">Voriges Kapitel<\/span> N\u00e4hwerkstatt<\/a>\n\t\t\t<\/div>\n\t\t\t<div class=\"nav-next\">\n\t\t\t\t<a href=\"http:\/\/displaced.kunst.tuwien.ac.at\/?page_id=2031\" rel=\"next\"><span class=\"em-post-navigation\">N\u00e4chstes Kapitel<\/span> Kleidershop <\/a>\n\t\t\t<\/div>\n\t\t<\/div>\n\t<\/nav> \n","protected":false},"excerpt":{"rendered":"<p>Durch eine Verlegung des Kleiderlagers in neue R\u00e4umlichkeiten war es m\u00f6glich, zwei gro\u00dfe, helle R\u00e4ume<\/p>\n","protected":false},"author":1,"featured_media":537,"parent":1001,"menu_order":0,"comment_status":"closed","ping_status":"closed","template":"","meta":{"ngg_post_thumbnail":0},"_links":{"self":[{"href":"https:\/\/displaced.kunst.tuwien.ac.at\/index.php?rest_route=\/wp\/v2\/pages\/2023"}],"collection":[{"href":"https:\/\/displaced.kunst.tuwien.ac.at\/index.php?rest_route=\/wp\/v2\/pages"}],"about":[{"href":"https:\/\/displaced.kunst.tuwien.ac.at\/index.php?rest_route=\/wp\/v2\/types\/page"}],"author":[{"embeddable":true,"href":"https:\/\/displaced.kunst.tuwien.ac.at\/index.php?rest_route=\/wp\/v2\/users\/1"}],"replies":[{"embeddable":true,"href":"https:\/\/displaced.kunst.tuwien.ac.at\/index.php?rest_route=%2Fwp%2Fv2%2Fcomments&post=2023"}],"version-history":[{"count":3,"href":"https:\/\/displaced.kunst.tuwien.ac.at\/index.php?rest_route=\/wp\/v2\/pages\/2023\/revisions"}],"predecessor-version":[{"id":2461,"href":"https:\/\/displaced.kunst.tuwien.ac.at\/index.php?rest_route=\/wp\/v2\/pages\/2023\/revisions\/2461"}],"up":[{"embeddable":true,"href":"https:\/\/displaced.kunst.tuwien.ac.at\/index.php?rest_route=\/wp\/v2\/pages\/1001"}],"wp:featuredmedia":[{"embeddable":true,"href":"https:\/\/displaced.kunst.tuwien.ac.at\/index.php?rest_route=\/wp\/v2\/media\/537"}],"wp:attachment":[{"href":"https:\/\/displaced.kunst.tuwien.ac.at\/index.php?rest_route=%2Fwp%2Fv2%2Fmedia&parent=2023"}],"curies":[{"name":"wp","href":"https:\/\/api.w.org\/{rel}","templated":true}]}}